
{"id":12227,"date":"2023-10-18T15:39:22","date_gmt":"2023-10-18T13:39:22","guid":{"rendered":"https:\/\/www.latracedesgrands.com\/ski-pass\/"},"modified":"2024-11-30T15:14:47","modified_gmt":"2024-11-30T14:14:47","slug":"ski-pass","status":"publish","type":"page","link":"https:\/\/www.latracedesgrands.com\/en\/ski-pass\/","title":{"rendered":"Ski pass"},"content":{"rendered":"\t\t<div data-elementor-type=\"wp-page\" data-elementor-id=\"12227\" class=\"elementor elementor-12227 elementor-6059\" data-elementor-post-type=\"page\">\n\t\t\t\t\t\t<section class=\"elementor-section elementor-top-section elementor-element elementor-element-31d5425e elementor-reverse-mobile elementor-section-height-min-height image-de-couverture elementor-section-full_width elementor-section-items-top elementor-section-height-default\" data-id=\"31d5425e\" data-element_type=\"section\" data-settings=\"{&quot;background_background&quot;:&quot;classic&quot;}\">\n\t\t\t\t\t\t<div class=\"elementor-container elementor-column-gap-default\">\n\t\t\t\t\t<div class=\"elementor-column elementor-col-100 elementor-top-column elementor-element elementor-element-7771e57d\" data-id=\"7771e57d\" data-element_type=\"column\">\n\t\t\t<div class=\"elementor-widget-wrap elementor-element-populated\">\n\t\t\t\t\t\t<div class=\"elementor-element elementor-element-597fe0aa elementor-invisible elementor-widget elementor-widget-heading\" data-id=\"597fe0aa\" data-element_type=\"widget\" data-settings=\"{&quot;_animation&quot;:&quot;fadeInUp&quot;}\" data-widget_type=\"heading.default\">\n\t\t\t\t<div class=\"elementor-widget-container\">\n\t\t\t\t\t<h1 class=\"elementor-heading-title elementor-size-default\">Ski pass and lift pass<\/h1>\t\t\t\t<\/div>\n\t\t\t\t<\/div>\n\t\t\t\t\t<\/div>\n\t\t<\/div>\n\t\t\t\t\t<\/div>\n\t\t<\/section>\n\t\t\t\t<section class=\"elementor-section elementor-top-section elementor-element elementor-element-20a5589 elementor-section-boxed elementor-section-height-default elementor-section-height-default\" data-id=\"20a5589\" data-element_type=\"section\">\n\t\t\t\t\t\t<div class=\"elementor-container elementor-column-gap-default\">\n\t\t\t\t\t<div class=\"elementor-column elementor-col-100 elementor-top-column elementor-element elementor-element-05cc098\" data-id=\"05cc098\" data-element_type=\"column\">\n\t\t\t<div class=\"elementor-widget-wrap elementor-element-populated\">\n\t\t\t\t\t\t<div class=\"elementor-element elementor-element-3ca2fd5 elementor-widget-mobile__width-initial elementor-widget elementor-widget-text-editor\" data-id=\"3ca2fd5\" data-element_type=\"widget\" data-widget_type=\"text-editor.default\">\n\t\t\t\t<div class=\"elementor-widget-container\">\n\t\t\t\t\t\t\t\t\t<div class=\"elementskit-card active\">\n<div id=\"Collapse-393229e652fdf5a912b1\" class=\"collapse show\" aria-labelledby=\"primaryHeading-9-40a69495\" data-parent=\"#accordion-652fdf5a912b1\">\n<div class=\"elementskit-card-body ekit-accordion--content\">\n<h2 style=\"text-align: center;\">Participants and Supporters<\/h2>\n<h3 style=\"text-align: center;\">Which package?<\/h3>\n<\/div>\n<\/div>\n<\/div>\n\t\t\t\t\t\t\t\t<\/div>\n\t\t\t\t<\/div>\n\t\t\t\t<div class=\"elementor-element elementor-element-4091573 elementor-widget elementor-widget-image\" data-id=\"4091573\" data-element_type=\"widget\" data-widget_type=\"image.default\">\n\t\t\t\t<div class=\"elementor-widget-container\">\n\t\t\t\t\t\t\t\t\t\t\t\t\t\t\t<img decoding=\"async\" src=\"https:\/\/www.latracedesgrands.com\/wp-content\/uploads\/elementor\/thumbs\/Aiguille-du-midi--qxtm1ryyhh7uhv8sqsrh2le7hmjcgik05xykvzuv0o.jpg\" title=\"Aiguille du midi\" alt=\"Aiguille du midi\" loading=\"lazy\" \/>\t\t\t\t\t\t\t\t\t\t\t\t\t\t\t<\/div>\n\t\t\t\t<\/div>\n\t\t\t\t\t<\/div>\n\t\t<\/div>\n\t\t\t\t\t<\/div>\n\t\t<\/section>\n\t\t\t\t<section class=\"elementor-section elementor-top-section elementor-element elementor-element-edf2114 elementor-section-boxed elementor-section-height-default elementor-section-height-default\" data-id=\"edf2114\" data-element_type=\"section\">\n\t\t\t\t\t\t<div class=\"elementor-container elementor-column-gap-default\">\n\t\t\t\t\t<div class=\"elementor-column elementor-col-100 elementor-top-column elementor-element elementor-element-102ddfa\" data-id=\"102ddfa\" data-element_type=\"column\">\n\t\t\t<div class=\"elementor-widget-wrap elementor-element-populated\">\n\t\t\t\t\t\t<div class=\"elementor-element elementor-element-aab0b2d elementor-widget-mobile__width-initial elementor-widget elementor-widget-text-editor\" data-id=\"aab0b2d\" data-element_type=\"widget\" data-widget_type=\"text-editor.default\">\n\t\t\t\t<div class=\"elementor-widget-container\">\n\t\t\t\t\t\t\t\t\t<div class=\"elementskit-card active\">\n<div id=\"Collapse-393229e652fdf5a912b1\" class=\"collapse show\" aria-labelledby=\"primaryHeading-9-40a69495\" data-parent=\"#accordion-652fdf5a912b1\">\n<div class=\"elementskit-card-body ekit-accordion--content\">\n<h2 style=\"text-align: center;\">PARTICIPANTS<\/h2>\n<p>Whatever your choice of route, our title partner Mont-Blanc Natural Resort is <strong>pleased to offer you a 3-day pass<\/strong> (<span style=\"text-decoration: underline;\">valid from 7 to 11 March 2025<\/span>) for a weekend and a complete experience in Chamonix-Mont-Blanc.<\/p>\n<p>What&#8217;s included in my 3-day package?<\/p>\n<p>Les Grands Montets ski area access (compulsory on race day)<\/p>\n<p>Br\u00e9vent-Fl\u00e9g\u00e8re and Tour-Vallorcine ski aera acces<\/p>\n<p>Aiguille du Midi (Vall\u00e9e Blanche, Pas dans le Vide,&#8230;)<\/p>\n<p>Montenvers train (return to Vall\u00e9e Blanche, Glacorium, Grotte de Glace)<\/p>\n<p><span style=\"text-decoration: underline;\">Support 3 Euros not included<\/span><\/p>\n<\/div>\n<\/div>\n<\/div>\n\t\t\t\t\t\t\t\t<\/div>\n\t\t\t\t<\/div>\n\t\t\t\t<div class=\"elementor-element elementor-element-4cce602 elementor-widget-mobile__width-initial elementor-widget elementor-widget-text-editor\" data-id=\"4cce602\" data-element_type=\"widget\" data-widget_type=\"text-editor.default\">\n\t\t\t\t<div class=\"elementor-widget-container\">\n\t\t\t\t\t\t\t\t\t<div aria-labelledby=\"primaryHeading-9-40a69495\" data-parent=\"#accordion-652fdf5a912b1\">\n<h2 style=\"text-align: center;\">SUPPORTERS<\/h2>\n<p><span style=\"color: var( --e-global-color-text ); font-family: var( --e-global-typography-text-font-family ), Sans-serif; font-size: var( --e-global-typography-text-font-size ); letter-spacing: var( --e-global-typography-text-letter-spacing ); background-color: #ffffff;\">Take advantage of dynamic pricing with the chamonix ski deal to benefit from the best price conditions. <\/span><\/p>\n<p>What is dynamic pricing? The earlier you buy, the more you save; Anticipation = smart buying  <\/p>\n<\/div>\n\t\t\t\t\t\t\t\t<\/div>\n\t\t\t\t<\/div>\n\t\t\t\t<div class=\"elementor-element elementor-element-9414c61 elementor-align-center elementor-widget elementor-widget-button\" data-id=\"9414c61\" data-element_type=\"widget\" data-widget_type=\"button.default\">\n\t\t\t\t<div class=\"elementor-widget-container\">\n\t\t\t\t\t\t\t\t\t<div class=\"elementor-button-wrapper\">\n\t\t\t\t\t<a class=\"elementor-button elementor-button-link elementor-size-xs\" href=\"https:\/\/montblancdeal.com\/english-version.html\" target=\"_blank\">\n\t\t\t\t\t\t<span class=\"elementor-button-content-wrapper\">\n\t\t\t\t\t\t\t\t\t<span class=\"elementor-button-text\">Chamonix ski Deal<\/span>\n\t\t\t\t\t<\/span>\n\t\t\t\t\t<\/a>\n\t\t\t\t<\/div>\n\t\t\t\t\t\t\t\t<\/div>\n\t\t\t\t<\/div>\n\t\t\t\t<div class=\"elementor-element elementor-element-20474ed elementor-widget-mobile__width-initial elementor-widget elementor-widget-text-editor\" data-id=\"20474ed\" data-element_type=\"widget\" data-widget_type=\"text-editor.default\">\n\t\t\t\t<div class=\"elementor-widget-container\">\n\t\t\t\t\t\t\t\t\t<div aria-labelledby=\"primaryHeading-9-40a69495\" data-parent=\"#accordion-652fdf5a912b1\">\n<h2 style=\"text-align: center;\">Ski Lift<\/h2>\n<p>The Grands Montets ski area lifts will open early so that you can accompany and encourage your partner, family, friends or colleagues.<\/p>\n<p style=\"text-align: center;\"><span style=\"text-decoration: underline; color: #5447b3;\"><strong><a style=\"color: #5447b3; text-decoration: underline;\" href=\"https:\/\/www.latracedesgrands.com\/en\/viewing-points\/\" target=\"_blank\" rel=\"noopener\">Find out more about the various points of passage where you can see the participants<\/a><\/strong><\/span><\/p>\n<\/div>\n\t\t\t\t\t\t\t\t<\/div>\n\t\t\t\t<\/div>\n\t\t\t\t<div class=\"elementor-element elementor-element-3e3d356 elementor-widget elementor-widget-spacer\" data-id=\"3e3d356\" data-element_type=\"widget\" data-widget_type=\"spacer.default\">\n\t\t\t\t<div class=\"elementor-widget-container\">\n\t\t\t\t\t\t\t<div class=\"elementor-spacer\">\n\t\t\t<div class=\"elementor-spacer-inner\"><\/div>\n\t\t<\/div>\n\t\t\t\t\t\t<\/div>\n\t\t\t\t<\/div>\n\t\t\t\t<div class=\"elementor-element elementor-element-a4d8039 elementor-widget elementor-widget-image\" data-id=\"a4d8039\" data-element_type=\"widget\" data-widget_type=\"image.default\">\n\t\t\t\t<div class=\"elementor-widget-container\">\n\t\t\t\t\t\t\t\t\t\t\t\t\t\t\t<img decoding=\"async\" width=\"300\" height=\"66\" src=\"https:\/\/www.latracedesgrands.com\/wp-content\/uploads\/2023\/05\/mont-blanc-naturel-resort-300x66.png\" class=\"attachment-medium size-medium wp-image-8166\" alt=\"\" srcset=\"https:\/\/www.latracedesgrands.com\/wp-content\/uploads\/2023\/05\/mont-blanc-naturel-resort-300x66.png 300w, https:\/\/www.latracedesgrands.com\/wp-content\/uploads\/2023\/05\/mont-blanc-naturel-resort-768x169.png 768w, https:\/\/www.latracedesgrands.com\/wp-content\/uploads\/2023\/05\/mont-blanc-naturel-resort.png 911w\" sizes=\"(max-width: 300px) 100vw, 300px\" \/>\t\t\t\t\t\t\t\t\t\t\t\t\t\t\t<\/div>\n\t\t\t\t<\/div>\n\t\t\t\t\t<\/div>\n\t\t<\/div>\n\t\t\t\t\t<\/div>\n\t\t<\/section>\n\t\t<div class=\"elementor-element elementor-element-fe6a8ec e-flex e-con-boxed e-con e-parent\" data-id=\"fe6a8ec\" data-element_type=\"container\">\n\t\t\t\t\t<div class=\"e-con-inner\">\n\t\t\t\t<div class=\"elementor-element elementor-element-6338bd7 elementor-widget-divider--view-line elementor-widget elementor-widget-divider\" data-id=\"6338bd7\" data-element_type=\"widget\" data-widget_type=\"divider.default\">\n\t\t\t\t<div class=\"elementor-widget-container\">\n\t\t\t\t\t\t\t<div class=\"elementor-divider\">\n\t\t\t<span class=\"elementor-divider-separator\">\n\t\t\t\t\t\t<\/span>\n\t\t<\/div>\n\t\t\t\t\t\t<\/div>\n\t\t\t\t<\/div>\n\t\t\t\t\t<\/div>\n\t\t\t\t<\/div>\n\t\t\t\t<\/div>\n\t\t","protected":false},"excerpt":{"rendered":"<p>Ski pass and lift pass Participants and Supporters Which package? PARTICIPANTS Whatever your choice of route, our title partner Mont-Blanc Natural Resort is pleased to offer you a 3-day pass (valid from 7 to 11 March 2025) for a weekend and a complete experience in Chamonix-Mont-Blanc. What&#8217;s included in my 3-day package? Les Grands Montets [&hellip;]<\/p>\n","protected":false},"author":1,"featured_media":0,"parent":0,"menu_order":0,"comment_status":"closed","ping_status":"closed","template":"","meta":{"footnotes":""},"class_list":["post-12227","page","type-page","status-publish","hentry"],"_links":{"self":[{"href":"https:\/\/www.latracedesgrands.com\/en\/wp-json\/wp\/v2\/pages\/12227","targetHints":{"allow":["GET"]}}],"collection":[{"href":"https:\/\/www.latracedesgrands.com\/en\/wp-json\/wp\/v2\/pages"}],"about":[{"href":"https:\/\/www.latracedesgrands.com\/en\/wp-json\/wp\/v2\/types\/page"}],"author":[{"embeddable":true,"href":"https:\/\/www.latracedesgrands.com\/en\/wp-json\/wp\/v2\/users\/1"}],"replies":[{"embeddable":true,"href":"https:\/\/www.latracedesgrands.com\/en\/wp-json\/wp\/v2\/comments?post=12227"}],"version-history":[{"count":7,"href":"https:\/\/www.latracedesgrands.com\/en\/wp-json\/wp\/v2\/pages\/12227\/revisions"}],"predecessor-version":[{"id":12234,"href":"https:\/\/www.latracedesgrands.com\/en\/wp-json\/wp\/v2\/pages\/12227\/revisions\/12234"}],"wp:attachment":[{"href":"https:\/\/www.latracedesgrands.com\/en\/wp-json\/wp\/v2\/media?parent=12227"}],"curies":[{"name":"wp","href":"https:\/\/api.w.org\/{rel}","templated":true}]}}